{"id":116,"date":"2026-03-24T10:48:03","date_gmt":"2026-03-24T09:48:03","guid":{"rendered":"http:\/\/192.168.1.40\/wordpress\/?page_id=116"},"modified":"2026-03-25T14:35:12","modified_gmt":"2026-03-25T14:35:12","slug":"activite-horaires","status":"publish","type":"page","link":"https:\/\/occs.fr\/index.php\/activite-horaires\/","title":{"rendered":"Activit\u00e9 \/ Horaires"},"content":{"rendered":"\t\t<div data-elementor-type=\"wp-page\" data-elementor-id=\"116\" class=\"elementor elementor-116\">\n\t\t\t\t<div class=\"elementor-element elementor-element-33ffee4a e-flex e-con-boxed e-con e-parent\" data-id=\"33ffee4a\" data-element_type=\"container\" data-e-type=\"container\">\n\t\t\t\t\t<div class=\"e-con-inner\">\n\t\t\t\t<div class=\"elementor-element elementor-element-3958e0fc elementor-widget elementor-widget-text-editor\" data-id=\"3958e0fc\" data-element_type=\"widget\" data-e-type=\"widget\" data-widget_type=\"text-editor.default\">\n\t\t\t\t\t\t\t\t\t\n<div class=\"wp-block-group has-contrast-color has-blush-light-purple-gradient-background has-text-color has-background has-link-color wp-elements-269099ac7dffbe938c0a6559813f4315 is-vertical is-layout-flex wp-container-core-group-is-layout-fe9cc265 wp-block-group-is-layout-flex\">\n<div class=\"wp-block-group is-layout-flow wp-block-group-is-layout-flow\">\n<p><strong>&#8211; des randonn\u00e9es en kayak de mer, en\u00a0cano\u00eb 9 places, kayak de ligne\u00a0:\u00a0<\/strong><\/p>\n<strong><\/strong>\n<ul class=\"wp-block-list\">\n<li><strong>en\u00a0eau calme &#8211; le canal de l&rsquo;Ourcq, la Marne, la Seine,\u00a0la Loire, etc&#8230;<\/strong><\/li>\n\n<li class=\"has-medium-font-size\"><strong>en mer &#8211; la Baie de Somme, la Cote d&rsquo;Alb\u00e2tre (Le Havre, Etretat et F\u00e9camp),\u00a0etc&#8230;<\/strong><\/li>\n<\/ul>\n<strong><\/strong>\n<p><strong>&#8211; des Marathons en kayak de ligne ou de descente\u00a0(l&rsquo;Ard\u00e8che, les 2 Semoy\u00a0en Ardenne, de la Loire, etc &#8230;)<\/strong><\/p>\n<strong><\/strong>\n<p><strong>&#8211; des rivi\u00e9res sportives en France ou \u00e0 l&rsquo;\u00e9tranger\u00a0(bassin de Cergy &#8211; La Cure &#8211; Le Chalaux &#8211; La Durance &#8211; Les Dranses &#8211; La Soca en Slov\u00e9nie &#8211; La Noguera en Espagne, etc&#8230;)<\/strong><\/p>\n<strong><\/strong>\n<p><strong>-du slalom sur le Canal de l&rsquo;ourcq (pour l&rsquo;apprentissage), les Iles Mortes sur la Marnes, sur le bassin de Cergy, etc&#8230;<\/strong><\/p>\n<strong><\/strong>\n<p><strong>-du kayak polo (en piscine ou sur le canal de l&rsquo;Ourcq)<\/strong><\/p>\n\n<p><strong>La mutualisation des moyens materiels et humains entre les diff\u00e9rents club Cano\u00e9-Kayak du d\u00e9partement via l&rsquo;aide du comit\u00e9 d\u00e9partemental Cano\u00e9 Kayak 93\u00a0 (<a href=\"https:\/\/cdck93.fr\/\">CDCK 93<\/a>) permet:<\/strong><\/p>\n\n<p>&#8211;<strong> une synergie entre les clubs\u00a0<br \/>&#8211; des cr\u00e9neaux d&rsquo;activit\u00e9s ouverts entre clubs (piscines, entrainements &#8230;)<br \/>&#8211; des actions en commun ( sorties, &#8230;)<\/strong><\/p>\n<\/div>\n\n<p class=\"has-medium-font-size\" style=\"border-width: 1px;\"><strong>****** ATTENTION LE CLUB NE PROPOSE PAS DE LOCATION **********<br \/><br \/>Le club OCCS fonctionne gr\u00e2ce \u00e0 ses b\u00e9n\u00e9voles (membres CA, moniteurs FFCK, adh\u00e9rents confirm\u00e9s).<br \/><br \/>Nous sommes un club de loisir qui proposons plusieurs activ\u00e9s diff\u00e9rentes.<\/strong><\/p>\n<\/div>\n\n<h3 class=\"wp-block-heading\"><strong>Adultes:<\/strong><\/h3>\n\n<p class=\"has-blush-light-purple-gradient-background has-background\" style=\"border-width: 1px;\"><strong>Toute l&rsquo;ann\u00e9e :<br \/><\/strong><strong>&#8211;\u00a0le dimanche de 9h30 \u00e0 12h30<br \/><br \/>&#8211; certain mercredi de 8h30 \u00e0 12h30<\/strong><br \/><strong>&#8211; certain samedi de 8h30 \u00e0 12h30<\/strong>\u00a0<\/p>\n\n<h5 class=\"wp-block-heading has-blush-light-purple-gradient-background has-background\"><strong>Automne et printemps\u00a0:<br \/><\/strong><strong>&#8211; certain jeudi de 18h \u00e0 20h<\/strong><\/h5>\n\n<h5 class=\"wp-block-heading has-blush-light-purple-gradient-background has-background\"><strong>Durant la p\u00e9riode scolaire (li\u00e9 fonctionnement des piscines)<\/strong><\/h5>\n\n<h5 class=\"wp-block-heading has-blush-light-purple-gradient-background has-background\" style=\"border-width: 1px;\"><strong>&#8211;\u00a0le lundi de 20h15 \u00e0 22h \u00e0 la\u00a0Piscine de Bondy\u00a0<br \/>Piscine Michel Beaufort<br \/>207 av Galieni<br \/>93 140 BONDY<br \/>Cr\u00e9neau propos\u00e9 par le club CKCM (<a href=\"https:\/\/ckcm93100.clubeo.com\/\">Canoe-Kayak Club Montreuil<\/a>).<\/strong><\/h5>\n\n<h5 class=\"wp-block-heading has-luminous-dusk-gradient-background has-background\" style=\"border-width: 1px;\"><strong><br \/>&#8211;\u00a0le jeudi de 19h30 \u00e0 21h30 \u00e0 la\u00a0Piscine de La Courneuve\u00a0<br \/>Piscine Beatrice Hess<br \/>43 av g\u00e9n\u00e9rale Leclerc<br \/>93270\u00a0\u00a0LA COURNEUVE<br \/><\/strong><strong>Cr\u00e9neau propos\u00e9 par le club AJSC (<a href=\"https:\/\/www.aubervilliers.fr\/Canoe-Kayak-C-M-A-Plein-Air\">Association de la Jeunesse Sportive Courneuvienne) Section Cano\u00e9-Kayak La Courneuve.<br \/><br \/><br \/><br \/><\/a><\/strong><\/h5>\n\n<h6 class=\"wp-block-heading has-blush-light-purple-gradient-background has-background\" style=\"border-width: 1px;\">Cat\u00e9gories d&rsquo;\u00e2ges par ann\u00e9e civile \u00e0 la FFCK.<br \/>\uf0b7 Poussin (P): 9 et 10 ans,<br \/>\uf0b7 Benjamin (B): 11 et 12 ans,<br \/>\uf0b7 Minime (M): 13 (Minime 1) et 14 ans (minime 2),<br \/>\uf0b7 Cadet (C): 15 (Cadet 1) et 16 ans (Cadet 2),<br \/>\uf0b7 Junior (J): 17 (Junior 1) et 18 ans (Junior 2),<br \/>\uf0b7 Senior (S): 19 \u00e0 34 ans,<br \/><br \/>\uf0b7 V\u00e9t\u00e9ran (V):<br \/>\uf0a7 V1 : 35 \u00e0 39 ans<br \/>\uf0a7 V2 : 40 \u00e0 44 ans<br \/>\uf0a7 V3 : 45 \u00e0 49 ans<br \/>\uf0a7 V4 : 50 \u00e0 54 ans<br \/>\uf0a7 V5 : 55 \u00e0 59 ans<br \/>\uf0a7 V6 : 60 \u00e0 64 ans<br \/>\uf0a7 V7 : 65 \u00e0 69 ans<br \/>\uf0a7 V8 : 70 \u00e0 74 ans<br \/>\uf0a7 V9 : 75 et plus\u00a0<\/h6>\n\t\t\t\t\t\t\t\t<\/div>\n\t\t\t\t\t<\/div>\n\t\t\t\t<\/div>\n\t\t\t\t<\/div>\n\t\t","protected":false},"excerpt":{"rendered":"<p>&#8211; des randonn\u00e9es en kayak de mer, en\u00a0cano\u00eb 9 places, kayak de ligne\u00a0:\u00a0 &#8211; des Marathons en kayak de ligne ou de descente\u00a0(l&rsquo;Ard\u00e8che, les 2 Semoy\u00a0en Ardenne, de la Loire, etc &#8230;) &#8211; des rivi\u00e9res sportives en France ou \u00e0 l&rsquo;\u00e9tranger\u00a0(bassin de Cergy &#8211; La Cure &#8211; Le Chalaux &#8211; La Durance &#8211; Les Dranses [&hellip;]<\/p>\n","protected":false},"author":1,"featured_media":0,"parent":0,"menu_order":0,"comment_status":"closed","ping_status":"closed","template":"","meta":{"footnotes":""},"class_list":["post-116","page","type-page","status-publish","hentry"],"_links":{"self":[{"href":"https:\/\/occs.fr\/index.php\/wp-json\/wp\/v2\/pages\/116","targetHints":{"allow":["GET"]}}],"collection":[{"href":"https:\/\/occs.fr\/index.php\/wp-json\/wp\/v2\/pages"}],"about":[{"href":"https:\/\/occs.fr\/index.php\/wp-json\/wp\/v2\/types\/page"}],"author":[{"embeddable":true,"href":"https:\/\/occs.fr\/index.php\/wp-json\/wp\/v2\/users\/1"}],"replies":[{"embeddable":true,"href":"https:\/\/occs.fr\/index.php\/wp-json\/wp\/v2\/comments?post=116"}],"version-history":[{"count":8,"href":"https:\/\/occs.fr\/index.php\/wp-json\/wp\/v2\/pages\/116\/revisions"}],"predecessor-version":[{"id":338,"href":"https:\/\/occs.fr\/index.php\/wp-json\/wp\/v2\/pages\/116\/revisions\/338"}],"wp:attachment":[{"href":"https:\/\/occs.fr\/index.php\/wp-json\/wp\/v2\/media?parent=116"}],"curies":[{"name":"wp","href":"https:\/\/api.w.org\/{rel}","templated":true}]}}