{"id":121,"date":"2026-03-24T10:53:18","date_gmt":"2026-03-24T09:53:18","guid":{"rendered":"http:\/\/192.168.1.40\/wordpress\/?page_id=121"},"modified":"2026-03-25T15:17:02","modified_gmt":"2026-03-25T15:17:02","slug":"adhesion-inscription","status":"publish","type":"page","link":"https:\/\/occs.fr\/index.php\/adhesion-inscription\/","title":{"rendered":"Adh\u00e9sion\/Inscription"},"content":{"rendered":"\t\t<div data-elementor-type=\"wp-page\" data-elementor-id=\"121\" class=\"elementor elementor-121\">\n\t\t\t\t<div class=\"elementor-element elementor-element-442779b0 e-flex e-con-boxed e-con e-parent\" data-id=\"442779b0\" data-element_type=\"container\" data-e-type=\"container\">\n\t\t\t\t\t<div class=\"e-con-inner\">\n\t\t\t\t<div class=\"elementor-element elementor-element-7c7b3c81 elementor-widget elementor-widget-text-editor\" data-id=\"7c7b3c81\" data-element_type=\"widget\" data-e-type=\"widget\" data-widget_type=\"text-editor.default\">\n\t\t\t\t\t\t\t\t\t<h2><strong>Les tarifs licences 2025&nbsp;:&nbsp;<\/strong><\/h2>\n<p><!-- \/wp:heading --><!-- wp:heading {\"level\":3} --><\/p>\n<h3>Pour une inscription \u00e0 la rentr\u00e9e sep 2025&nbsp; l&rsquo;adh\u00e9sion est valide jusqu&rsquo;au 31 D\u00e9cembre 2026<\/h3>\n<p><!-- \/wp:heading --><!-- wp:paragraph --><\/p>\n<p>.&nbsp; &nbsp; &nbsp; &nbsp; &nbsp; &nbsp; &nbsp; &nbsp; &nbsp; &nbsp; &nbsp; &nbsp; &nbsp; &nbsp; &nbsp; &nbsp; &nbsp; &nbsp; &nbsp; &nbsp; &nbsp; &nbsp; &nbsp;&nbsp;<strong>&nbsp; &nbsp; &nbsp; &nbsp; &nbsp; &nbsp;sept \u00e0 dec 2025&nbsp; &#8211;&nbsp; ann\u00e9e 2026<\/strong><\/p>\n<p><!-- \/wp:paragraph --><!-- wp:list --><\/p>\n<ul>\n<li style=\"list-style-type: none;\">\n<ul><!-- wp:list-item --><\/ul>\n<\/li>\n<\/ul>\n<ul>\n<li style=\"list-style-type: none;\">\n<ul>\n<li>tarif Adulte&nbsp;&nbsp;<strong>:&nbsp; &nbsp; &nbsp; &nbsp; &nbsp; &nbsp; &nbsp; &nbsp; &nbsp; &nbsp; &nbsp; &nbsp; &nbsp; 48 \u20ac&nbsp; &nbsp; &nbsp; &nbsp; &nbsp; &nbsp; &nbsp; +&nbsp; &nbsp; &nbsp; &nbsp;144\u20ac<br><\/strong><p><\/p>\n<p><strong>L&rsquo;adh\u00e9sion comprend la licence f\u00e9d\u00e9rale FFCK (incluant l&rsquo;assurance MAIF de base)&nbsp; co\u00fbt revers\u00e9 \u00e0 la FFCK (20\u20ac pour 3 mois et 56\u20ac pour 1 an en licence loisir ( licence comp\u00e9tition est \u00e0 70\u20ac \/an).<\/strong><\/p>\n<\/li>\n<\/ul>\n<\/li>\n<\/ul>\n<p><!-- \/wp:list-item --><\/p>\n<p><!-- \/wp:list --><!-- wp:paragraph --><\/p>\n<p>&nbsp; &nbsp; &nbsp; &nbsp;Adh\u00e9sion assurance compl\u00e9mentaire MAIF (facultatif) +&nbsp;<strong>14,15 \u20ac \/ ans<br>&nbsp; &nbsp; &nbsp; &nbsp; &nbsp; &nbsp; &nbsp;+28.30\u20ac si prise sept ann\u00e9e N \u00e0 decembre ann\u00e9e&nbsp; N+1<\/strong><\/p>\n<p><!-- \/wp:paragraph --><!-- wp:heading --><\/p>\n<h2><strong>Pour adh\u00e9rer<\/strong><strong>&nbsp;:<\/strong><\/h2>\n<p><!-- \/wp:heading --><!-- wp:paragraph --><\/p>\n<p><em><strong>Pr\u00e9venir de votre venue par mail (occs.sevran@yahoo.fr)&nbsp; .&nbsp;<\/strong><\/em><\/p>\n<p><!-- \/wp:paragraph --><!-- wp:list --><\/p>\n<ul>\n<li style=\"list-style-type: none;\">\n<ul><!-- wp:list-item --><\/ul>\n<\/li>\n<\/ul>\n<ul>\n<li style=\"list-style-type: none;\">\n<ul>\n<li><strong>Faire une s\u00e9ance d&rsquo;essai<\/strong><!-- wp:list --><br><ul>\n<li style=\"list-style-type: none;\">\n<ul><!-- wp:list-item --><\/ul>\n<\/li>\n<\/ul>\n<ul>\n<li style=\"list-style-type: none;\">\n<ul>\n<li>Pour les adultes : Dimanche matin de 9h30 \u00e0 12h00&nbsp;<\/li>\n<\/ul>\n<\/li>\n<\/ul>\n<p><!-- \/wp:list-item --><\/p>\n<p><!-- \/wp:list --><\/p>\n<\/li>\n<\/ul>\n<\/li>\n<\/ul>\n<p><!-- \/wp:list-item --><!-- wp:list-item --><\/p>\n<ul>\n<li style=\"list-style-type: none;\">\n<ul>\n<li><strong>Envoyer par mail votre dossier d&rsquo;inscription complet d\u00e8s la 2\u00e8me s\u00e9ance<\/strong><!-- wp:list --><br><ul>\n<li style=\"list-style-type: none;\">\n<ul><!-- wp:list-item --><\/ul>\n<\/li>\n<\/ul>\n<ul>\n<li style=\"list-style-type: none;\">\n<ul>\n<li>&nbsp;<a href=\"https:\/\/occs.fr\/wp-content\/uploads\/2026\/03\/Microsoft-Word-OCCS-Fiche_inscription_2025__t8aj90.pdf\">Fiche d\u2019inscription et de renseignements compl\u00e9t\u00e9e<\/a><\/li>\n<\/ul>\n<\/li>\n<\/ul>\n<p><!-- \/wp:list-item --><!-- wp:list-item --><\/p>\n<ul>\n<li style=\"list-style-type: none;\">\n<ul>\n<li><a href=\"https:\/\/occs.fr\/wp-content\/uploads\/2026\/03\/Microsoft-Word-OCCS-Fiche_inscription_2025__t8aj90.pdf\">Un certificat m\u00e9dical<\/a> d\u2019aptitude \u00e0 la pratique du Cano\u00eb-kayak (1ere adhesion)&nbsp; ou <a href=\"https:\/\/occs.fr\/wp-content\/uploads\/2026\/03\/Microsoft-Word-OCCS-Fiche_inscription_2025__t8aj90.pdf\">questionnaire de sant\u00e9<\/a>&nbsp; (renouvellement adhesion)&nbsp;<br>voir modalit\u00e9s du circuit n\u00e9cessit\u00e9 d&rsquo;un certificat m\u00e9dical.<br><a href=\"https:\/\/occs.fr\/wp-content\/uploads\/2026\/03\/schema-certificat-medical.pdf\" style=\"color: rgb(52, 92, 0);\">&nbsp;&lt;&lt; Cliquer Ici &gt;&gt;.<\/a><\/li>\n<\/ul>\n<\/li>\n<\/ul>\n<p><!-- \/wp:list-item --><!-- wp:list-item --><\/p>\n<ul>\n<li style=\"list-style-type: none;\">\n<ul>\n<li>La cotisation de l&rsquo;ann\u00e9e en cours (r\u00e8glement par virement bancaire, ch\u00e8ques, esp\u00e8ces \u00e0 remettre \u00e0 aux membres du conseil d&rsquo;administration).<br>virement bancaire de pr\u00e9f\u00e9rence pour une question de gestion plus commode et pratique.<\/li>\n<\/ul>\n<\/li>\n<\/ul>\n<p><!-- \/wp:list-item --><!-- wp:list-item --><\/p>\n<ul>\n<li style=\"list-style-type: none;\">\n<ul>\n<li>L&rsquo;attestation sur&nbsp;l\u2019honneur savoir nager pour les majeurs (\u00e0 cocher sur la fiche inscription)&nbsp;<\/li>\n<\/ul>\n<\/li>\n<\/ul>\n<p><!-- \/wp:list-item --><\/p>\n<p><!-- \/wp:list --><\/p>\n<\/li>\n<\/ul>\n<\/li>\n<\/ul>\n<p><!-- \/wp:list-item --><\/p>\n<p><!-- \/wp:list --><!-- wp:paragraph --><\/p>\n<p><em>Nota :&nbsp;Tous les documents PDF sont en version remplissable et signable, il est pr\u00e9f\u00e9rable de&nbsp;les remplir informatiquement.<\/em><\/p>\n<p><!-- \/wp:paragraph --><!-- wp:list --><\/p>\n<ul>\n<li style=\"list-style-type: none;\">\n<ul><!-- wp:list-item --><\/ul>\n<\/li>\n<\/ul>\n<ul>\n<li style=\"list-style-type: none;\">\n<ul>\n<li>Documentation annexe :<!-- wp:list --><br><ul>\n<li style=\"list-style-type: none;\">\n<ul><!-- wp:list-item --><\/ul>\n<\/li>\n<\/ul>\n<ul>\n<li style=\"list-style-type: none;\">\n<ul>\n<li><a href=\"https:\/\/occs.fr\/wp-content\/uploads\/2026\/03\/notice-individuelle-ffck-2026.pdf\">Notice individuelle dommages corporels \u00e0 l\u2019attention des adh\u00e9rents<\/a><br>titulaires d\u2019une licence permanente. (Titre&nbsp; annuelle FFCK &#8211; Saison 2026)<\/li>\n<\/ul>\n<\/li>\n<\/ul>\n<p><!-- \/wp:list-item --><!-- wp:list-item --><\/p>\n<ul>\n<li style=\"list-style-type: none;\">\n<ul>\n<li><a href=\"https:\/\/occs.fr\/wp-content\/uploads\/2026\/03\/OCCS-Reglement-interieur-Modif-CA-17-9-2025.pdf\">R\u00e8glement int\u00e9rieur (Version AG 31\/01\/2019 modifi\u00e9 CA 17\/09\/25)<\/a><\/li>\n<\/ul>\n<\/li>\n<\/ul>\n<p><!-- \/wp:list-item --><\/p>\n<p><!-- \/wp:list --><\/p>\n<\/li>\n<\/ul>\n<\/li>\n<\/ul>\n<p><!-- \/wp:list-item --><\/p>\n<p><!-- \/wp:list --><!-- wp:paragraph --><\/p>\n<p><!-- \/wp:paragraph --><\/p>\t\t\t\t\t\t\t\t<\/div>\n\t\t\t\t\t<\/div>\n\t\t\t\t<\/div>\n\t\t\t\t<\/div>\n\t\t","protected":false},"excerpt":{"rendered":"<p>Les tarifs licences 2025&nbsp;:&nbsp; Pour une inscription \u00e0 la rentr\u00e9e sep 2025&nbsp; l&rsquo;adh\u00e9sion est valide jusqu&rsquo;au 31 D\u00e9cembre 2026 .&nbsp; &nbsp; &nbsp; &nbsp; &nbsp; &nbsp; &nbsp; &nbsp; &nbsp; &nbsp; &nbsp; &nbsp; &nbsp; &nbsp; &nbsp; &nbsp; &nbsp; &nbsp; &nbsp; &nbsp; &nbsp; &nbsp; &nbsp;&nbsp;&nbsp; &nbsp; &nbsp; &nbsp; &nbsp; &nbsp;sept \u00e0 dec 2025&nbsp; &#8211;&nbsp; ann\u00e9e 2026 tarif Adulte&nbsp;&nbsp;:&nbsp; [&hellip;]<\/p>\n","protected":false},"author":1,"featured_media":0,"parent":0,"menu_order":0,"comment_status":"closed","ping_status":"closed","template":"","meta":{"footnotes":""},"class_list":["post-121","page","type-page","status-publish","hentry"],"_links":{"self":[{"href":"https:\/\/occs.fr\/index.php\/wp-json\/wp\/v2\/pages\/121","targetHints":{"allow":["GET"]}}],"collection":[{"href":"https:\/\/occs.fr\/index.php\/wp-json\/wp\/v2\/pages"}],"about":[{"href":"https:\/\/occs.fr\/index.php\/wp-json\/wp\/v2\/types\/page"}],"author":[{"embeddable":true,"href":"https:\/\/occs.fr\/index.php\/wp-json\/wp\/v2\/users\/1"}],"replies":[{"embeddable":true,"href":"https:\/\/occs.fr\/index.php\/wp-json\/wp\/v2\/comments?post=121"}],"version-history":[{"count":27,"href":"https:\/\/occs.fr\/index.php\/wp-json\/wp\/v2\/pages\/121\/revisions"}],"predecessor-version":[{"id":344,"href":"https:\/\/occs.fr\/index.php\/wp-json\/wp\/v2\/pages\/121\/revisions\/344"}],"wp:attachment":[{"href":"https:\/\/occs.fr\/index.php\/wp-json\/wp\/v2\/media?parent=121"}],"curies":[{"name":"wp","href":"https:\/\/api.w.org\/{rel}","templated":true}]}}