{"id":126,"date":"2026-03-24T10:56:03","date_gmt":"2026-03-24T09:56:03","guid":{"rendered":"http:\/\/192.168.1.40\/wordpress\/?page_id=126"},"modified":"2026-04-18T17:35:24","modified_gmt":"2026-04-18T17:35:24","slug":"nos-partenaires","status":"publish","type":"page","link":"https:\/\/occs.fr\/index.php\/nos-partenaires\/","title":{"rendered":"Nos partenaires"},"content":{"rendered":"\t\t<div data-elementor-type=\"wp-page\" data-elementor-id=\"126\" class=\"elementor elementor-126\">\n\t\t\t\t<div class=\"elementor-element elementor-element-1ef1e92f e-flex e-con-boxed e-con e-parent\" data-id=\"1ef1e92f\" data-element_type=\"container\" data-e-type=\"container\">\n\t\t\t\t\t<div class=\"e-con-inner\">\n\t\t\t\t<div class=\"elementor-element elementor-element-104374c5 e-transform elementor-widget elementor-widget-text-editor\" data-id=\"104374c5\" data-element_type=\"widget\" data-e-type=\"widget\" data-settings=\"{&quot;_transform_scaleX_effect&quot;:{&quot;unit&quot;:&quot;px&quot;,&quot;size&quot;:&quot;&quot;,&quot;sizes&quot;:[]},&quot;_transform_scaleX_effect_tablet&quot;:{&quot;unit&quot;:&quot;px&quot;,&quot;size&quot;:&quot;&quot;,&quot;sizes&quot;:[]},&quot;_transform_scaleX_effect_mobile&quot;:{&quot;unit&quot;:&quot;px&quot;,&quot;size&quot;:&quot;&quot;,&quot;sizes&quot;:[]},&quot;_transform_scaleY_effect&quot;:{&quot;unit&quot;:&quot;px&quot;,&quot;size&quot;:&quot;&quot;,&quot;sizes&quot;:[]},&quot;_transform_scaleY_effect_tablet&quot;:{&quot;unit&quot;:&quot;px&quot;,&quot;size&quot;:&quot;&quot;,&quot;sizes&quot;:[]},&quot;_transform_scaleY_effect_mobile&quot;:{&quot;unit&quot;:&quot;px&quot;,&quot;size&quot;:&quot;&quot;,&quot;sizes&quot;:[]}}\" data-widget_type=\"text-editor.default\">\n\t\t\t\t\t\t\t\t\t<p>\u2022\u00a0 \u00a0<strong>Partenaires (soutiens en nature ou financier via subvention )<\/strong><\/p>\n<p><!-- \/wp:paragraph --><!-- wp:paragraph --><\/p>\n<ul>\n<li><strong>Mairie de Paris (Service des canaux)<\/strong><\/li>\n<\/ul>\n<p><img fetchpriority=\"high\" decoding=\"async\" src=\"https:\/\/occs.fr\/wp-content\/uploads\/2026\/03\/mairie-paris.png\" alt=\"\" width=\"1548\" height=\"1556\" \/><\/p>\n<p>\u00a0<\/p>\n<p><!-- \/wp:paragraph --><!-- wp:paragraph --><\/p>\n<p>\u00a0 Autorisation de navigation et ponton, am\u00e9nagement et r\u00e9fection des berges.<\/p>\n<p>\u00a0<\/p>\n<p><!-- \/wp:paragraph --><!-- wp:paragraph --><\/p>\n<ul>\n<li>\u00a0<strong>Mairie de Sevran<\/strong><\/li>\n<\/ul>\n<p><img decoding=\"async\" src=\"https:\/\/occs.fr\/wp-content\/uploads\/2026\/03\/logo-fb-200.png\" alt=\"\" width=\"1000\" height=\"707\" \/><\/p>\n<p><!-- \/wp:paragraph --><!-- wp:paragraph --><\/p>\n<p>\u00a0 Mise \u00e0 disposition des locaux, aide logistique et administrative, subvention financiere pour le fonctionnement du club.<br \/><span style=\"color: #000000; font-family: -apple-system, BlinkMacSystemFont, 'Segoe UI', Roboto, Oxygen-Sans, Ubuntu, Cantarell, 'Helvetica Neue', sans-serif; font-size: 18px;\"><br \/>Depuis 2024, le club de sevran a d\u00e9l\u00e9gu\u00e9 l\u2019activit\u00e9 de d\u00e9couverte scolaire canoe kayak \u00e0 la ville de Sevran (via le service munipicale des sports) qui ne recoivent que les scolaires primaires sevranaise au printemps (\u00e0 partir avril) sur la base de l\u2019OCCS \/CDCK93 ( convention tripartie).<\/span><\/p>\n<p><!-- \/wp:paragraph --><!-- wp:paragraph --><\/p>\n<p>\u00a0 (Am\u00e9nagements, manifestations, entretien de la maison).<\/p>\n<p><!-- \/wp:paragraph --><!-- wp:paragraph --><\/p>\n<ul>\n<li>\u00a0<strong>Comit\u00e9 D\u00e9partemental de Cano\u00eb Kayak 93 (CDCK93)<\/strong><\/li>\n<\/ul>\n<p><strong><img decoding=\"async\" src=\"https:\/\/occs.fr\/wp-content\/uploads\/2026\/03\/logo-cdck93.png\" alt=\"\" width=\"500\" height=\"500\" \/><\/strong><\/p>\n<p><!-- \/wp:paragraph --><!-- wp:paragraph --><\/p>\n<p>\u00a0 Mutualisation des moyens humains et mat\u00e9riels<\/p>\n<p><!-- \/wp:paragraph --><!-- wp:paragraph --><\/p>\n<p>\u00a0 Finance la formation.<\/p>\n<p><!-- \/wp:paragraph --><!-- wp:paragraph --><\/p>\n<ul>\n<li>\u00a0F\u00e9d\u00e9ration Francaise de <strong>Cano\u00eb Kayak (FFCK)<\/strong><\/li>\n<\/ul>\n<p><img loading=\"lazy\" decoding=\"async\" src=\"https:\/\/occs.fr\/wp-content\/uploads\/2026\/03\/logo-fede.jpg\" alt=\"\" width=\"388\" height=\"283\" \/><\/p>\n<p><!-- \/wp:paragraph --><!-- wp:paragraph --><\/p>\n<p>\u00a0 Conseil &#8211; P\u00e9dagogie &#8211; Formations<\/p>\n<p><!-- \/wp:paragraph --><!-- wp:paragraph --><\/p>\n<p>\u00a0 Attribue les subventions ANS via d\u00e9l\u00e9gation du minist\u00e8re des sports.<\/p>\n<p><!-- \/wp:paragraph --><!-- wp:paragraph --><\/p>\n<ul>\n<li>\u00a0<strong>Conseil d\u00e9partemental 93<\/strong><\/li>\n<\/ul>\n<p><img loading=\"lazy\" decoding=\"async\" src=\"https:\/\/occs.fr\/wp-content\/uploads\/2026\/03\/cd93.jpg\" alt=\"\" width=\"760\" height=\"399\" \/><\/p>\n<p><!-- \/wp:paragraph --><!-- wp:paragraph --><\/p>\n<p>\u00a0 Attribue la subvention FDVA2 ( Fond d\u00e9veloppement de la vie associative)<\/p>\n<p><!-- \/wp:paragraph --><!-- wp:paragraph --><\/p>\n<p><!-- \/wp:paragraph --><\/p>\t\t\t\t\t\t\t\t<\/div>\n\t\t\t\t\t<\/div>\n\t\t\t\t<\/div>\n\t\t\t\t<\/div>\n\t\t","protected":false},"excerpt":{"rendered":"<p>\u2022\u00a0 \u00a0Partenaires (soutiens en nature ou financier via subvention ) Mairie de Paris (Service des canaux) \u00a0 \u00a0 Autorisation de navigation et ponton, am\u00e9nagement et r\u00e9fection des berges. \u00a0 \u00a0Mairie de Sevran \u00a0 Mise \u00e0 disposition des locaux, aide logistique et administrative, subvention financiere pour le fonctionnement du club. Depuis 2024, le club de sevran [&hellip;]<\/p>\n","protected":false},"author":1,"featured_media":0,"parent":0,"menu_order":0,"comment_status":"closed","ping_status":"closed","template":"","meta":{"footnotes":""},"class_list":["post-126","page","type-page","status-publish","hentry"],"_links":{"self":[{"href":"https:\/\/occs.fr\/index.php\/wp-json\/wp\/v2\/pages\/126","targetHints":{"allow":["GET"]}}],"collection":[{"href":"https:\/\/occs.fr\/index.php\/wp-json\/wp\/v2\/pages"}],"about":[{"href":"https:\/\/occs.fr\/index.php\/wp-json\/wp\/v2\/types\/page"}],"author":[{"embeddable":true,"href":"https:\/\/occs.fr\/index.php\/wp-json\/wp\/v2\/users\/1"}],"replies":[{"embeddable":true,"href":"https:\/\/occs.fr\/index.php\/wp-json\/wp\/v2\/comments?post=126"}],"version-history":[{"count":20,"href":"https:\/\/occs.fr\/index.php\/wp-json\/wp\/v2\/pages\/126\/revisions"}],"predecessor-version":[{"id":357,"href":"https:\/\/occs.fr\/index.php\/wp-json\/wp\/v2\/pages\/126\/revisions\/357"}],"wp:attachment":[{"href":"https:\/\/occs.fr\/index.php\/wp-json\/wp\/v2\/media?parent=126"}],"curies":[{"name":"wp","href":"https:\/\/api.w.org\/{rel}","templated":true}]}}