{"id":154,"date":"2026-03-24T11:57:07","date_gmt":"2026-03-24T10:57:07","guid":{"rendered":"http:\/\/192.168.1.40\/wordpress\/?page_id=154"},"modified":"2026-03-25T14:25:34","modified_gmt":"2026-03-25T14:25:34","slug":"comment-fontionne-le-club-occs","status":"publish","type":"page","link":"https:\/\/occs.fr\/index.php\/comment-fontionne-le-club-occs\/","title":{"rendered":"Comment Fontionne le club OCCS"},"content":{"rendered":"\n<p class=\"has-blush-light-purple-gradient-background has-background has-large-font-size\">Dirigeants et cadres qualifi\u00e9s ( 100% b\u00e9n\u00e9voles)<\/p>\n\n\n\n<p class=\"has-blush-light-purple-gradient-background has-background has-large-font-size\">Le financement du club est r\u00e9parti de maniere suivante:<br>&#8211; Subventions ( mairie de sevran, ANS (Agence nationale Sport), FDVA2 (Fond Developpement Vie Associative))  = 45% <br>&#8211; Subvention formation CDCK93 : 5%<br>&#8211; Mise \u00e0 disposition locaux municipaux sevranais (hangar + maison eclusier) = 30%<br>&#8211; Adhesions des adh\u00e9rents et prestations divers : 20%<\/p>\n\n\n\n<figure class=\"wp-block-image\"><img decoding=\"async\" src=\"https:\/\/s3.static-clubeo.com\/uploads\/occs\/Medias\/organigramme2026__t86iz5.jpg\" alt=\"\"\/><\/figure>\n\n\n\n<figure class=\"wp-block-image\"><img decoding=\"async\" src=\"https:\/\/s3.static-clubeo.com\/uploads\/occs\/Medias\/Cadres%20qualifies%202025__sr62ky.jpg\" alt=\"\"\/><\/figure>\n","protected":false},"excerpt":{"rendered":"<p>Dirigeants et cadres qualifi\u00e9s ( 100% b\u00e9n\u00e9voles) Le financement du club est r\u00e9parti de maniere suivante:&#8211; Subventions ( mairie de sevran, ANS (Agence nationale Sport), FDVA2 (Fond Developpement Vie Associative)) = 45% &#8211; Subvention formation CDCK93 : 5%&#8211; Mise \u00e0 disposition locaux municipaux sevranais (hangar + maison eclusier) = 30%&#8211; Adhesions des adh\u00e9rents et prestations [&hellip;]<\/p>\n","protected":false},"author":1,"featured_media":0,"parent":0,"menu_order":0,"comment_status":"closed","ping_status":"closed","template":"","meta":{"footnotes":""},"class_list":["post-154","page","type-page","status-publish","hentry"],"_links":{"self":[{"href":"https:\/\/occs.fr\/index.php\/wp-json\/wp\/v2\/pages\/154","targetHints":{"allow":["GET"]}}],"collection":[{"href":"https:\/\/occs.fr\/index.php\/wp-json\/wp\/v2\/pages"}],"about":[{"href":"https:\/\/occs.fr\/index.php\/wp-json\/wp\/v2\/types\/page"}],"author":[{"embeddable":true,"href":"https:\/\/occs.fr\/index.php\/wp-json\/wp\/v2\/users\/1"}],"replies":[{"embeddable":true,"href":"https:\/\/occs.fr\/index.php\/wp-json\/wp\/v2\/comments?post=154"}],"version-history":[{"count":1,"href":"https:\/\/occs.fr\/index.php\/wp-json\/wp\/v2\/pages\/154\/revisions"}],"predecessor-version":[{"id":326,"href":"https:\/\/occs.fr\/index.php\/wp-json\/wp\/v2\/pages\/154\/revisions\/326"}],"wp:attachment":[{"href":"https:\/\/occs.fr\/index.php\/wp-json\/wp\/v2\/media?parent=154"}],"curies":[{"name":"wp","href":"https:\/\/api.w.org\/{rel}","templated":true}]}}