{"id":66,"date":"2026-01-25T19:21:50","date_gmt":"2026-01-25T18:21:50","guid":{"rendered":"http:\/\/192.168.1.40\/wordpress\/?page_id=66"},"modified":"2026-03-25T14:24:08","modified_gmt":"2026-03-25T14:24:08","slug":"kesaoko","status":"publish","type":"page","link":"https:\/\/occs.fr\/index.php\/kesaoko\/","title":{"rendered":"Qui sommes nous&#8230;"},"content":{"rendered":"\n<h2 class=\"wp-block-heading has-luminous-vivid-amber-to-luminous-vivid-orange-gradient-background has-background\">OCCS : Qui sommes nous ? <\/h2>\n\n\n\n<p class=\"has-blush-light-purple-gradient-background has-background has-large-font-size\">L\u2019<strong>O<\/strong><strong>urcq Can\u2019oh\u00e9 Club Sevranais&nbsp;<em>(OCCS)<\/em><\/strong>&nbsp;est un club de cano\u00eb-kayak r\u00e9cent, cr\u00e9\u00e9 en juillet 2007 avec l\u2019impulsion du&nbsp;<strong>C<\/strong><strong>omit\u00e9 D\u00e9partemental de Cano\u00eb Kayak 93&nbsp;<em>(CDCK93)<\/em><\/strong>&nbsp;et la&nbsp;<strong>ville de Sevran<\/strong>.<\/p>\n\n\n\n<p class=\"has-blush-light-purple-gradient-background has-background has-large-font-size\">Le club OCCS ne pratique pas de locations bateaux.&nbsp; Merci d&rsquo;en tenir compte dans vos demandes mail.<\/p>\n\n\n\n<p class=\"has-blush-light-purple-gradient-background has-background\"><strong>Le C<\/strong><strong>omit\u00e9 D\u00e9partemental de Cano\u00eb Kayak 93&nbsp;<em>(CDCK93) effectue chaque ann\u00e9e durant les week ends (vacances scolaires \u00e9t\u00e9) des locations de bateaux sit and top pour que le public exterieur d\u00e9couvre l&rsquo;activit\u00e9 nautique sur le canal de l&rsquo;Ourcq.<\/em><\/strong><\/p>\n\n\n\n<p class=\"has-blush-light-purple-gradient-background has-background has-large-font-size\">Agr\u00e9\u00e9 jeunesse et sport en 2008 il obtient 2 \u00e9toiles en 2013 au Label<strong><em>&nbsp;\u00ab Club FFCK\u00bb&nbsp;<\/em><\/strong>qui reconna\u00eet la qualit\u00e9 des animations et services que les clubs affili\u00e9s proposent \u00e0 leurs adh\u00e9rents.<\/p>\n\n\n\n<p class=\"has-blush-light-purple-gradient-background has-background has-large-font-size\">En 2016, le club a re\u00e7u le label EFCK (Ecole F\u00e9d\u00e9rale de Cano\u00eb Kayak). Ce label a \u00e9t\u00e9 renouvel\u00e9 pour les ann\u00e9es suivantes jusqu&rsquo;\u00e0 ce jour.<\/p>\n\n\n\n<p class=\"has-blush-light-purple-gradient-background has-background has-large-font-size\">Les membres de l&rsquo;OCCS ont une pratique essentiellement de loisir ( Fitness en kayak mer ou CEL(course en ligne),&nbsp; kayak de riviere, kayak Polo en piscine ).<\/p>\n\n\n\n<p class=\"has-blush-light-purple-gradient-background has-background has-large-font-size\">Le fonctionnement du club est possible gr\u00e2ce \u00e0 ses b\u00e9n\u00e9voles (membres CA, moniteurs FFCK, adh\u00e9rents confirm\u00e9s) et \u00e0 l&rsquo;aide de ses partenaires historiques ( Villes de Sevran, CDCK93, CRIFCK, les autres clubs canoe-kayak du d\u00e9partement, et d&rsquo;autres associations locales ).<br>Et avec lequels nous apportent un soutien financie ou qu&rsquo;on mutualise des moyens humains et materiels lors d&rsquo;\u00e9v\u00e8nements locaux (F\u00eate Quartier, Integrathlon, &#8230; Sorties Kayak Inter-clubs).<\/p>\n\n\n\n<p class=\"has-luminous-vivid-orange-to-vivid-red-gradient-background has-background has-x-large-font-size\"><strong>****** ATTENTION LE CLUB NE PROPOSE PAS DE LOCATION *********<\/strong><\/p>\n\n\n\n<figure class=\"wp-block-image\"><img decoding=\"async\" src=\"https:\/\/occs.fr\/wp-content\/uploads\/2026\/03\/Ourcq-neige-1024x461-1.jpg\" alt=\"\"\/><\/figure>\n\n\n\n<p><\/p>\n\n\n\n<p class=\"has-blush-light-purple-gradient-background has-background has-large-font-size\">A noter que sur des actions ponctuelles nous accueillons des personnes en situation de handicap.<\/p>\n\n\n\n<p class=\"has-blush-light-purple-gradient-background has-background has-large-font-size\">La base est implant\u00e9e au niveau de l\u2019\u00e9cluse de Sevran (PK 13,6), \u00e0 proximit\u00e9 du parc de la Poudrerie.<\/p>\n\n\n\n<p class=\"has-blush-light-purple-gradient-background has-background has-large-font-size\">Elle b\u00e9n\u00e9ficie d\u2019une zone class\u00e9e&nbsp;<strong><em>NATURA 2000<\/em><\/strong>.<\/p>\n\n\n\n<p class=\"has-blush-light-purple-gradient-background has-background has-large-font-size\">Les locaux sont situ\u00e9s dans l\u2019ancienne maison de l\u2019\u00e9clusier, ils h\u00e9bergent deux structures, l\u2019OCCS et le CDCK93.<\/p>\n\n\n\n<p class=\"has-blush-light-purple-gradient-background has-background has-large-font-size\">Son terrain d\u2019entra\u00eenement est le canal de l\u2019Ourcq, \u00e0 naviguer en amont de&nbsp;l\u2019\u00e9cluse de Sevran, en allant vers Meaux.<\/p>\n\n\n\n<p class=\"has-blush-light-purple-gradient-background has-background has-large-font-size\">Vous pourrez aussi d\u00e9couvrir les rivi\u00e8res d\u2019Ile de France, la Marne, le Morin, l\u2019Oise et les eaux tumultueuses du bassin artificiel de Cergy, et du bassin Olympique Paris 2024 de Vaires sur Marne.<\/p>\n\n\n\n<p class=\"has-blush-light-purple-gradient-background has-background has-large-font-size\">Nous organisons aussi ponctuellement des sorties et stages en France et \u00e0 l\u2019\u00e9tranger.<\/p>\n\n\n\n<figure class=\"wp-block-image\"><img decoding=\"async\" src=\"https:\/\/occs.fr\/wp-content\/uploads\/2026\/03\/1000022187-scaled-1-462x1024.jpg\" alt=\"\"\/><\/figure>\n\n\n\n<p><\/p>\n","protected":false},"excerpt":{"rendered":"<p>OCCS : Qui sommes nous ? L\u2019Ourcq Can\u2019oh\u00e9 Club Sevranais&nbsp;(OCCS)&nbsp;est un club de cano\u00eb-kayak r\u00e9cent, cr\u00e9\u00e9 en juillet 2007 avec l\u2019impulsion du&nbsp;Comit\u00e9 D\u00e9partemental de Cano\u00eb Kayak 93&nbsp;(CDCK93)&nbsp;et la&nbsp;ville de Sevran. Le club OCCS ne pratique pas de locations bateaux.&nbsp; Merci d&rsquo;en tenir compte dans vos demandes mail. Le Comit\u00e9 D\u00e9partemental de Cano\u00eb Kayak 93&nbsp;(CDCK93) effectue [&hellip;]<\/p>\n","protected":false},"author":1,"featured_media":0,"parent":0,"menu_order":0,"comment_status":"closed","ping_status":"closed","template":"","meta":{"footnotes":""},"class_list":["post-66","page","type-page","status-publish","hentry"],"_links":{"self":[{"href":"https:\/\/occs.fr\/index.php\/wp-json\/wp\/v2\/pages\/66","targetHints":{"allow":["GET"]}}],"collection":[{"href":"https:\/\/occs.fr\/index.php\/wp-json\/wp\/v2\/pages"}],"about":[{"href":"https:\/\/occs.fr\/index.php\/wp-json\/wp\/v2\/types\/page"}],"author":[{"embeddable":true,"href":"https:\/\/occs.fr\/index.php\/wp-json\/wp\/v2\/users\/1"}],"replies":[{"embeddable":true,"href":"https:\/\/occs.fr\/index.php\/wp-json\/wp\/v2\/comments?post=66"}],"version-history":[{"count":7,"href":"https:\/\/occs.fr\/index.php\/wp-json\/wp\/v2\/pages\/66\/revisions"}],"predecessor-version":[{"id":325,"href":"https:\/\/occs.fr\/index.php\/wp-json\/wp\/v2\/pages\/66\/revisions\/325"}],"wp:attachment":[{"href":"https:\/\/occs.fr\/index.php\/wp-json\/wp\/v2\/media?parent=66"}],"curies":[{"name":"wp","href":"https:\/\/api.w.org\/{rel}","templated":true}]}}